{"id":548,"date":"2024-04-17T11:28:32","date_gmt":"2024-04-17T11:28:32","guid":{"rendered":"http:\/\/buurlageamusement.com\/?page_id=548"},"modified":"2024-04-17T15:39:57","modified_gmt":"2024-04-17T15:39:57","slug":"zakelijk-prive","status":"publish","type":"page","link":"https:\/\/buurlageamusement.com\/?page_id=548","title":{"rendered":"Zakelijk &amp; Prive"},"content":{"rendered":"\t\t<div data-elementor-type=\"wp-page\" data-elementor-id=\"548\" class=\"elementor elementor-548\" data-elementor-post-type=\"page\">\n\t\t\t\t\t\t<section class=\"elementor-section elementor-top-section elementor-element elementor-element-7358d67e elementor-section-content-middle elementor-section-full_width elementor-section-height-min-height elementor-section-items-stretch elementor-section-height-default\" data-id=\"7358d67e\" data-element_type=\"section\">\n\t\t\t\t\t\t<div class=\"elementor-container elementor-column-gap-no\">\n\t\t\t\t\t<div class=\"elementor-column elementor-col-50 elementor-top-column elementor-element elementor-element-2b89bae0\" data-id=\"2b89bae0\" data-element_type=\"column\">\n\t\t\t<div class=\"elementor-widget-wrap elementor-element-populated\">\n\t\t\t\t\t\t<div class=\"elementor-element elementor-element-14da0cf9 elementor-widget elementor-widget-heading\" data-id=\"14da0cf9\" data-element_type=\"widget\" data-widget_type=\"heading.default\">\n\t\t\t\t<div class=\"elementor-widget-container\">\n\t\t\t\t\t<h1 class=\"elementor-heading-title elementor-size-default\">Uw evenement naar een nieuw niveau? <\/h1>\t\t\t\t<\/div>\n\t\t\t\t<\/div>\n\t\t\t\t<div class=\"elementor-element elementor-element-6e2692ad elementor-widget elementor-widget-text-editor\" data-id=\"6e2692ad\" data-element_type=\"widget\" data-widget_type=\"text-editor.default\">\n\t\t\t\t<div class=\"elementor-widget-container\">\n\t\t\t\t\t\t\t\t\t<div class=\"flex-1 overflow-hidden\"><div class=\"react-scroll-to-bottom--css-ptfim-79elbk h-full\"><div class=\"react-scroll-to-bottom--css-ptfim-1n7m0yu\"><div><div class=\"flex flex-col text-sm pb-9\"><div class=\"w-full text-token-text-primary\" dir=\"auto\" data-testid=\"conversation-turn-5\"><div class=\"px-4 py-2 justify-center text-base md:gap-6 m-auto\"><div class=\"flex flex-1 text-base mx-auto gap-3 juice:gap-4 juice:md:gap-6 md:px-5 lg:px-1 xl:px-5 md:max-w-3xl lg:max-w-[40rem] xl:max-w-[48rem]\"><div class=\"relative flex w-full flex-col agent-turn\"><div class=\"flex-col gap-1 md:gap-3\"><div class=\"flex flex-grow flex-col max-w-full\"><div class=\"min-h-[20px] text-message flex flex-col items-start gap-3 whitespace-pre-wrap break-words [.text-message+&amp;]:mt-5 overflow-x-auto\" dir=\"auto\" data-message-author-role=\"assistant\" data-message-id=\"41e8353d-2872-4f8a-94e7-6cfe8f910522\"><div class=\"markdown prose w-full break-words dark:prose-invert light\"><p>Welkom bij buurlage amusement &amp; attracties, waar we evenementen naar nieuwe hoogten tillen! Onze op maat gemaakte foodtrailer en spannende attracties zijn perfect voor bedrijfs- en priv\u00e9feesten. Van heerlijke gerechten tot verfrissende drankjes, onze foodtrailer biedt voor elk wat wils. Onze attracties voegen een extra dosis plezier toe, van The King of Hammer ook wel bekend als de Kop van Jut tot draaimolens en grootvermaak. We zijn klaar om jouw gasten te vermaken en te verrassen. Met buurlage amusement &amp; attracties wordt jouw evenement onvergetelijk. Neem vandaag nog contact met ons op en laat ons team van professionals jouw feest naar een nieuw niveau tillen!<\/p><\/div><\/div><\/div><\/div><\/div><\/div><\/div><\/div><\/div><\/div><\/div><\/div><\/div>\t\t\t\t\t\t\t\t<\/div>\n\t\t\t\t<\/div>\n\t\t\t\t\t<\/div>\n\t\t<\/div>\n\t\t\t\t<div class=\"elementor-column elementor-col-50 elementor-top-column elementor-element elementor-element-72c3edb5\" data-id=\"72c3edb5\" data-element_type=\"column\" data-settings=\"{&quot;background_background&quot;:&quot;classic&quot;}\">\n\t\t\t<div class=\"elementor-widget-wrap elementor-element-populated\">\n\t\t\t\t\t\t<div class=\"elementor-element elementor-element-4ebd158f elementor-widget elementor-widget-image\" data-id=\"4ebd158f\" data-element_type=\"widget\" data-widget_type=\"image.default\">\n\t\t\t\t<div class=\"elementor-widget-container\">\n\t\t\t\t\t\t\t\t\t\t\t\t\t\t\t<img fetchpriority=\"high\" decoding=\"async\" width=\"800\" height=\"533\" src=\"https:\/\/buurlageamusement.com\/wp-content\/uploads\/2024\/04\/wepik-export-20240416210601DDNb.jpeg\" class=\"attachment-large size-large wp-image-515\" alt=\"\" srcset=\"https:\/\/buurlageamusement.com\/wp-content\/uploads\/2024\/04\/wepik-export-20240416210601DDNb.jpeg 800w, https:\/\/buurlageamusement.com\/wp-content\/uploads\/2024\/04\/wepik-export-20240416210601DDNb-300x200.jpeg 300w, https:\/\/buurlageamusement.com\/wp-content\/uploads\/2024\/04\/wepik-export-20240416210601DDNb-768x512.jpeg 768w\" sizes=\"(max-width: 800px) 100vw, 800px\" \/>\t\t\t\t\t\t\t\t\t\t\t\t\t\t\t<\/div>\n\t\t\t\t<\/div>\n\t\t\t\t\t<\/div>\n\t\t<\/div>\n\t\t\t\t\t<\/div>\n\t\t<\/section>\n\t\t\t\t<section class=\"elementor-section elementor-top-section elementor-element elementor-element-1a2d57a2 elementor-section-content-middle elementor-section-full_width elementor-reverse-mobile elementor-section-height-default elementor-section-height-default\" data-id=\"1a2d57a2\" data-element_type=\"section\">\n\t\t\t\t\t\t<div class=\"elementor-container elementor-column-gap-no\">\n\t\t\t\t\t<div class=\"elementor-column elementor-col-50 elementor-top-column elementor-element elementor-element-5ce6fdee\" data-id=\"5ce6fdee\" data-element_type=\"column\">\n\t\t\t<div class=\"elementor-widget-wrap elementor-element-populated\">\n\t\t\t\t\t\t<div class=\"elementor-element elementor-element-379268d7 elementor-widget elementor-widget-image\" data-id=\"379268d7\" data-element_type=\"widget\" data-widget_type=\"image.default\">\n\t\t\t\t<div class=\"elementor-widget-container\">\n\t\t\t\t\t\t\t\t\t\t\t\t\t\t\t<img decoding=\"async\" width=\"800\" height=\"373\" src=\"https:\/\/buurlageamusement.com\/wp-content\/uploads\/2024\/04\/c3b2a65e-f7fe-4102-b067-b90787338f5c-1024x478.jpeg\" class=\"attachment-large size-large wp-image-254\" alt=\"\" srcset=\"https:\/\/buurlageamusement.com\/wp-content\/uploads\/2024\/04\/c3b2a65e-f7fe-4102-b067-b90787338f5c-1024x478.jpeg 1024w, https:\/\/buurlageamusement.com\/wp-content\/uploads\/2024\/04\/c3b2a65e-f7fe-4102-b067-b90787338f5c-300x140.jpeg 300w, https:\/\/buurlageamusement.com\/wp-content\/uploads\/2024\/04\/c3b2a65e-f7fe-4102-b067-b90787338f5c-768x359.jpeg 768w, https:\/\/buurlageamusement.com\/wp-content\/uploads\/2024\/04\/c3b2a65e-f7fe-4102-b067-b90787338f5c-1536x717.jpeg 1536w, https:\/\/buurlageamusement.com\/wp-content\/uploads\/2024\/04\/c3b2a65e-f7fe-4102-b067-b90787338f5c.jpeg 1600w\" sizes=\"(max-width: 800px) 100vw, 800px\" \/>\t\t\t\t\t\t\t\t\t\t\t\t\t\t\t<\/div>\n\t\t\t\t<\/div>\n\t\t\t\t\t<\/div>\n\t\t<\/div>\n\t\t\t\t<div class=\"elementor-column elementor-col-50 elementor-top-column elementor-element elementor-element-a540c61\" data-id=\"a540c61\" data-element_type=\"column\">\n\t\t\t<div class=\"elementor-widget-wrap elementor-element-populated\">\n\t\t\t\t\t\t<div class=\"elementor-element elementor-element-3dce4a63 elementor-widget elementor-widget-heading\" data-id=\"3dce4a63\" data-element_type=\"widget\" data-widget_type=\"heading.default\">\n\t\t\t\t<div class=\"elementor-widget-container\">\n\t\t\t\t\t<h2 class=\"elementor-heading-title elementor-size-default\">Foodtrailer &amp; Attracties<\/h2>\t\t\t\t<\/div>\n\t\t\t\t<\/div>\n\t\t\t\t<div class=\"elementor-element elementor-element-2ad54425 elementor-widget elementor-widget-text-editor\" data-id=\"2ad54425\" data-element_type=\"widget\" data-widget_type=\"text-editor.default\">\n\t\t\t\t<div class=\"elementor-widget-container\">\n\t\t\t\t\t\t\t\t\t<p>Welkom bij Buurlage Amusement &amp; Attractions, waar al onze food concepten geschikt zijn voor zakelijke bijeenkomsten, priv\u00e9feesten, bruiloften en andere type evenementen! Of je nu kiest voor \u00e9\u00e9n van onze vier concepten of ze allemaal combineert, wij staan klaar om jouw gasten te verrassen en te verwennen met een onvergetelijke culinaire ervaring.<\/p><p>Of het nu gaat om een zakelijke bijeenkomst, een intiem priv\u00e9feest, een droombruiloft of een ander type evenement, onze veelzijdige foodtrailer biedt voor elk wat wils. Van heerlijke belegde broodjes tot verfrissende ijs- en smoothies, onze gerechten zijn perfect geschikt voor elk moment van de dag en voor elke gelegenheid.<\/p><p>Voor die speciale winterse gelegenheden bieden we luxe chocolade en warme dranken aan, om je gasten te verwarmen en in de feeststemming te brengen. En natuurlijk mogen onze klassieke popcorn- en suikerspinstands niet ontbreken, gegarandeerd plezier voor jong en oud op elk evenement.<\/p><p>Maar we gaan verder dan alleen eten. Maatwerk staat bij ons hoog in het vaandel, dus laat ons weten wat je wensen zijn en wij passen ons menu graag aan om aan jouw behoeften te voldoen. En vergeet niet, naast ons heerlijke eten bieden we ook een scala aan attracties, van de klassieke &#8220;The King of Hammer&#8221;, tot aan draaimolens en groots vermaak, om jouw evenement compleet te maken.<\/p><p>Met Buurlage Amusement &amp; Attractions wordt jouw evenement een smakelijk en onvergetelijk avontuur dat je gasten nog lang zullen bijblijven. Neem vandaag nog contact met ons op en ontdek hoe we jouw feest naar nieuwe hoogten kunnen tillen!<\/p>\t\t\t\t\t\t\t\t<\/div>\n\t\t\t\t<\/div>\n\t\t\t\t\t<\/div>\n\t\t<\/div>\n\t\t\t\t\t<\/div>\n\t\t<\/section>\n\t\t\t\t<section class=\"elementor-section elementor-top-section elementor-element elementor-element-5a15d88d elementor-section-content-middle elementor-section-full_width elementor-section-height-default elementor-section-height-default\" data-id=\"5a15d88d\" data-element_type=\"section\">\n\t\t\t\t\t\t<div class=\"elementor-container elementor-column-gap-no\">\n\t\t\t\t\t<div class=\"elementor-column elementor-col-50 elementor-top-column elementor-element elementor-element-482aba98\" data-id=\"482aba98\" data-element_type=\"column\">\n\t\t\t<div class=\"elementor-widget-wrap elementor-element-populated\">\n\t\t\t\t\t\t<div class=\"elementor-element elementor-element-106748b7 elementor-widget elementor-widget-heading\" data-id=\"106748b7\" data-element_type=\"widget\" data-widget_type=\"heading.default\">\n\t\t\t\t<div class=\"elementor-widget-container\">\n\t\t\t\t\t<h2 class=\"elementor-heading-title elementor-size-default\">Waarom voor ons kiezen?<\/h2>\t\t\t\t<\/div>\n\t\t\t\t<\/div>\n\t\t\t\t<div class=\"elementor-element elementor-element-1632d569 elementor-widget elementor-widget-text-editor\" data-id=\"1632d569\" data-element_type=\"widget\" data-widget_type=\"text-editor.default\">\n\t\t\t\t<div class=\"elementor-widget-container\">\n\t\t\t\t\t\t\t\t\t<div><div><div><div><div><div dir=\"auto\" data-testid=\"conversation-turn-25\"><div><div><div><div><div><div dir=\"auto\" data-message-author-role=\"assistant\" data-message-id=\"c7bbb156-480a-4826-8002-aff78e69171c\"><div><p>Waarom kiest u voor voor Buurlage Amusement &amp; Attractions? Hier zijn vijf sterke redenen waarom klanten steeds weer voor ons kiezen:<\/p><ol><li><p>100% Familiebedrijf: Bij Buurlage Amusement &amp; Attractions zijn we trots op onze familiewaarden. Als een echt familiebedrijf streven we naar uitmuntendheid in alles wat we doen. Onze toewijding aan kwaliteit en service loopt door elke vezel van ons bedrijf, waardoor klanten zich thuis voelen bij ons.<\/p><\/li><li><p>Persoonlijk contact: Bij ons ben je geen nummer. We hechten veel waarde aan persoonlijk contact en streven ernaar om een sterke band op te bouwen met onze klanten. Of je nu vragen hebt, advies nodig hebt of gewoon even wilt kletsen, ons team staat altijd voor je klaar.<\/p><\/li><li><p>Moderne apparatuur die voldoet aan alle regelgeving: Veiligheid staat bij ons voorop. Daarom investeren we voortdurend in moderne apparatuur die voldoet aan alle regelgeving en keuringen<span style=\"background-color: transparent; letter-spacing: 0px; word-spacing: 0em;\">. Wij voeren perodiek onderhoud uit door ervaren technici en werken nauw samen met de lokale autoriteiten en onafhankelijke keuringsinstanties om altijd aan de laatste wet en regelgeving te voldoen. Klanten kunnen erop vertrouwen dat ze bij ons kunnen genieten van attracties van de hoogste kwaliteit, zonder zich zorgen te hoeven maken over veiligheidskwesties.<\/span><\/p><\/li><li><p>Geschoold en gastvrij personeel: Ons team van medewerkers is niet alleen geschoold in het bedienen van attracties, maar ook in gastvrijheid. We streven ernaar om elke klant een warm welkom te bieden en hen een onvergetelijke ervaring te bezorgen. Onze vriendelijke en behulpzame medewerkers staan altijd klaar om te helpen en ervoor te zorgen dat elk evenement soepel verloopt.<\/p><\/li><li><p>Al onze medewerkers zijn geschoold in hygiene, veilige voedselbereiding en allergenenbeheer.<\/p><\/li><\/ol><p>Kortom, bij Buurlage Amusement &amp; Attractions gaan we verder dan alleen het leveren van attracties. We bieden een unieke ervaring die gebaseerd is op familiewaarden, persoonlijk contact, veiligheid en gastvrijheid. Klanten kunnen erop vertrouwen dat ze bij ons in goede handen zijn.<\/p><\/div><\/div><\/div><\/div><\/div><\/div><\/div><\/div><\/div><\/div><\/div><\/div><\/div>\t\t\t\t\t\t\t\t<\/div>\n\t\t\t\t<\/div>\n\t\t\t\t<div class=\"elementor-element elementor-element-15baf78 elementor-widget elementor-widget-spacer\" data-id=\"15baf78\" data-element_type=\"widget\" data-widget_type=\"spacer.default\">\n\t\t\t\t<div class=\"elementor-widget-container\">\n\t\t\t\t\t\t\t<div class=\"elementor-spacer\">\n\t\t\t<div class=\"elementor-spacer-inner\"><\/div>\n\t\t<\/div>\n\t\t\t\t\t\t<\/div>\n\t\t\t\t<\/div>\n\t\t\t\t\t<\/div>\n\t\t<\/div>\n\t\t\t\t<div class=\"elementor-column elementor-col-50 elementor-top-column elementor-element elementor-element-50056f1e\" data-id=\"50056f1e\" data-element_type=\"column\">\n\t\t\t<div class=\"elementor-widget-wrap elementor-element-populated\">\n\t\t\t\t\t\t<div class=\"elementor-element elementor-element-66835caf elementor-widget elementor-widget-image\" data-id=\"66835caf\" data-element_type=\"widget\" data-widget_type=\"image.default\">\n\t\t\t\t<div class=\"elementor-widget-container\">\n\t\t\t\t\t\t\t\t\t\t\t\t\t\t\t<img decoding=\"async\" width=\"683\" height=\"1024\" src=\"https:\/\/buurlageamusement.com\/wp-content\/uploads\/2024\/04\/modern-amusement-park-composition-683x1024.jpg\" class=\"attachment-large size-large wp-image-580\" alt=\"\" srcset=\"https:\/\/buurlageamusement.com\/wp-content\/uploads\/2024\/04\/modern-amusement-park-composition-683x1024.jpg 683w, https:\/\/buurlageamusement.com\/wp-content\/uploads\/2024\/04\/modern-amusement-park-composition-200x300.jpg 200w, https:\/\/buurlageamusement.com\/wp-content\/uploads\/2024\/04\/modern-amusement-park-composition-768x1152.jpg 768w, https:\/\/buurlageamusement.com\/wp-content\/uploads\/2024\/04\/modern-amusement-park-composition-1024x1536.jpg 1024w, https:\/\/buurlageamusement.com\/wp-content\/uploads\/2024\/04\/modern-amusement-park-composition-1365x2048.jpg 1365w, https:\/\/buurlageamusement.com\/wp-content\/uploads\/2024\/04\/modern-amusement-park-composition-scaled.jpg 1707w\" sizes=\"(max-width: 683px) 100vw, 683px\" \/>\t\t\t\t\t\t\t\t\t\t\t\t\t\t\t<\/div>\n\t\t\t\t<\/div>\n\t\t\t\t\t<\/div>\n\t\t<\/div>\n\t\t\t\t\t<\/div>\n\t\t<\/section>\n\t\t\t\t<section class=\"elementor-section elementor-top-section elementor-element elementor-element-8aec587 elementor-section-content-middle elementor-reverse-tablet elementor-reverse-mobile elementor-section-boxed elementor-section-height-default elementor-section-height-default\" data-id=\"8aec587\" data-element_type=\"section\">\n\t\t\t\t\t\t<div class=\"elementor-container elementor-column-gap-no\">\n\t\t\t\t\t<div class=\"elementor-column elementor-col-100 elementor-top-column elementor-element elementor-element-1d606602\" data-id=\"1d606602\" data-element_type=\"column\">\n\t\t\t<div class=\"elementor-widget-wrap elementor-element-populated\">\n\t\t\t\t\t\t<div class=\"elementor-element elementor-element-53e7d490 elementor-widget elementor-widget-heading\" data-id=\"53e7d490\" data-element_type=\"widget\" data-widget_type=\"heading.default\">\n\t\t\t\t<div class=\"elementor-widget-container\">\n\t\t\t\t\t<h3 class=\"elementor-heading-title elementor-size-default\">Vragen of samenwerken?<\/h3>\t\t\t\t<\/div>\n\t\t\t\t<\/div>\n\t\t\t\t<div class=\"elementor-element elementor-element-21bf959 elementor-widget elementor-widget-text-editor\" data-id=\"21bf959\" data-element_type=\"widget\" data-widget_type=\"text-editor.default\">\n\t\t\t\t<div class=\"elementor-widget-container\">\n\t\t\t\t\t\t\t\t\t<p>Heb je vragen of wil je graag samenwerken? Aarzel dan niet om contact met ons op te nemen! Als 100% familiebedrijf staan we klaar om je te helpen en te adviseren bij al je wensen en behoeften.<\/p><p>We begrijpen dat persoonlijk contact belangrijk is, daarom bieden we de mogelijkheid voor een bezoek op locatie. Zo kunnen we samen de mogelijkheden bespreken en een oplossing op maat vinden die perfect past bij jouw evenement of bedrijf. Geheel vrijblijvend en zonder verplichtingen.\u00a0<\/p><p>Aarzel niet om contact met ons op te nemen en ontdek wat we voor jou kunnen betekenen. We kijken ernaar uit om van je te horen!<\/p>\t\t\t\t\t\t\t\t<\/div>\n\t\t\t\t<\/div>\n\t\t\t\t\t<\/div>\n\t\t<\/div>\n\t\t\t\t\t<\/div>\n\t\t<\/section>\n\t\t\t\t<section class=\"elementor-section elementor-top-section elementor-element elementor-element-52bfb9b elementor-section-full_width elementor-section-height-default elementor-section-height-default\" data-id=\"52bfb9b\" data-element_type=\"section\" data-settings=\"{&quot;background_background&quot;:&quot;classic&quot;}\">\n\t\t\t\t\t\t<div class=\"elementor-container elementor-column-gap-default\">\n\t\t\t\t\t<div class=\"elementor-column elementor-col-100 elementor-top-column elementor-element elementor-element-71a4bc0\" data-id=\"71a4bc0\" data-element_type=\"column\">\n\t\t\t<div class=\"elementor-widget-wrap elementor-element-populated\">\n\t\t\t\t\t\t<div class=\"elementor-element elementor-element-ee7ed43 elementor-widget elementor-widget-spacer\" data-id=\"ee7ed43\" data-element_type=\"widget\" data-widget_type=\"spacer.default\">\n\t\t\t\t<div class=\"elementor-widget-container\">\n\t\t\t\t\t\t\t<div class=\"elementor-spacer\">\n\t\t\t<div class=\"elementor-spacer-inner\"><\/div>\n\t\t<\/div>\n\t\t\t\t\t\t<\/div>\n\t\t\t\t<\/div>\n\t\t\t\t\t<\/div>\n\t\t<\/div>\n\t\t\t\t\t<\/div>\n\t\t<\/section>\n\t\t\t\t<section class=\"elementor-section elementor-top-section elementor-element elementor-element-110c54a elementor-section-boxed elementor-section-height-default elementor-section-height-default\" data-id=\"110c54a\" data-element_type=\"section\">\n\t\t\t\t\t\t<div class=\"elementor-container elementor-column-gap-default\">\n\t\t\t\t\t<div class=\"elementor-column elementor-col-100 elementor-top-column elementor-element elementor-element-5744ec6\" data-id=\"5744ec6\" data-element_type=\"column\">\n\t\t\t<div class=\"elementor-widget-wrap elementor-element-populated\">\n\t\t\t\t\t\t<div class=\"elementor-element elementor-element-e94b195 elementor-widget elementor-widget-text-editor\" data-id=\"e94b195\" data-element_type=\"widget\" data-widget_type=\"text-editor.default\">\n\t\t\t\t<div class=\"elementor-widget-container\">\n\t\t\t\t\t\t\t\t\t<p style=\"text-align: center;\">\n<div class=\"wpcf7 no-js\" id=\"wpcf7-f36-o1\" lang=\"nl-NL\" dir=\"ltr\" data-wpcf7-id=\"36\">\n<div class=\"screen-reader-response\"><p role=\"status\" aria-live=\"polite\" aria-atomic=\"true\"><\/p> <ul><\/ul><\/div>\n<form action=\"\/index.php?rest_route=%2Fwp%2Fv2%2Fpages%2F548#wpcf7-f36-o1\" method=\"post\" class=\"wpcf7-form init\" aria-label=\"Contactformulier\" novalidate=\"novalidate\" data-status=\"init\">\n<fieldset class=\"hidden-fields-container\"><input type=\"hidden\" name=\"_wpcf7\" value=\"36\" \/><input type=\"hidden\" name=\"_wpcf7_version\" value=\"6.1.5\" \/><input type=\"hidden\" name=\"_wpcf7_locale\" value=\"nl_NL\" \/><input type=\"hidden\" name=\"_wpcf7_unit_tag\" value=\"wpcf7-f36-o1\" \/><input type=\"hidden\" name=\"_wpcf7_container_post\" value=\"0\" \/><input type=\"hidden\" name=\"_wpcf7_posted_data_hash\" value=\"\" \/><input type=\"hidden\" name=\"_wpcf7_recaptcha_response\" value=\"\" \/>\n<\/fieldset>\n<p><label> Voornaam<br \/>\n<span class=\"wpcf7-form-control-wrap\" data-name=\"your-name\"><input size=\"40\" maxlength=\"400\" class=\"wpcf7-form-control wpcf7-text wpcf7-validates-as-required\" autocomplete=\"name\" aria-required=\"true\" aria-invalid=\"false\" value=\"\" type=\"text\" name=\"your-name\" \/><\/span> <\/label>\n<\/p>\n<p><label> Achternaam<br \/>\n<span class=\"wpcf7-form-control-wrap\" data-name=\"your-name\"><input size=\"40\" maxlength=\"400\" class=\"wpcf7-form-control wpcf7-text wpcf7-validates-as-required\" autocomplete=\"name\" aria-required=\"true\" aria-invalid=\"false\" value=\"\" type=\"text\" name=\"your-name\" \/><\/span> <\/label>\n<\/p>\n<p><label> Telefoonnummer<br \/>\n<span class=\"wpcf7-form-control-wrap\" data-name=\"tel-990\"><input size=\"40\" maxlength=\"400\" class=\"wpcf7-form-control wpcf7-tel wpcf7-text wpcf7-validates-as-tel\" aria-invalid=\"false\" value=\"\" type=\"tel\" name=\"tel-990\" \/><\/span> <\/label>\n<\/p>\n<p><label> email adres<br \/>\n<span class=\"wpcf7-form-control-wrap\" data-name=\"your-email\"><input size=\"40\" maxlength=\"400\" class=\"wpcf7-form-control wpcf7-email wpcf7-validates-as-required wpcf7-text wpcf7-validates-as-email\" autocomplete=\"email\" aria-required=\"true\" aria-invalid=\"false\" value=\"\" type=\"email\" name=\"your-email\" \/><\/span> <\/label>\n<\/p>\n<p><label> Onderwerp<br \/>\n<span class=\"wpcf7-form-control-wrap\" data-name=\"your-subject\"><input size=\"40\" maxlength=\"400\" class=\"wpcf7-form-control wpcf7-text wpcf7-validates-as-required\" aria-required=\"true\" aria-invalid=\"false\" value=\"\" type=\"text\" name=\"your-subject\" \/><\/span> <\/label>\n<\/p>\n<p><label> Je bericht (optioneel)<br \/>\n<span class=\"wpcf7-form-control-wrap\" data-name=\"your-message\"><textarea cols=\"40\" rows=\"10\" maxlength=\"2000\" class=\"wpcf7-form-control wpcf7-textarea\" aria-invalid=\"false\" name=\"your-message\"><\/textarea><\/span> <\/label>\n<\/p>\n<p><input class=\"wpcf7-form-control wpcf7-submit has-spinner\" type=\"submit\" value=\"Verzenden\" \/>\n<\/p><div class=\"wpcf7-response-output\" aria-hidden=\"true\"><\/div>\n<\/form>\n<\/div>\n<\/p>\t\t\t\t\t\t\t\t<\/div>\n\t\t\t\t<\/div>\n\t\t\t\t\t<\/div>\n\t\t<\/div>\n\t\t\t\t\t<\/div>\n\t\t<\/section>\n\t\t\t\t<\/div>\n\t\t","protected":false},"excerpt":{"rendered":"<p>Uw evenement naar een nieuw niveau? Welkom bij buurlage amusement &amp; attracties, waar we evenementen naar nieuwe hoogten tillen! Onze op maat gemaakte foodtrailer en spannende attracties zijn perfect voor bedrijfs- en priv\u00e9feesten. Van heerlijke gerechten tot verfrissende drankjes, onze foodtrailer biedt voor elk wat wils. Onze attracties voegen een extra dosis plezier toe, van [&hellip;]<\/p>\n","protected":false},"author":1,"featured_media":0,"parent":0,"menu_order":0,"comment_status":"closed","ping_status":"closed","template":"","meta":{"footnotes":""},"class_list":["post-548","page","type-page","status-publish","hentry"],"_links":{"self":[{"href":"https:\/\/buurlageamusement.com\/index.php?rest_route=\/wp\/v2\/pages\/548","targetHints":{"allow":["GET"]}}],"collection":[{"href":"https:\/\/buurlageamusement.com\/index.php?rest_route=\/wp\/v2\/pages"}],"about":[{"href":"https:\/\/buurlageamusement.com\/index.php?rest_route=\/wp\/v2\/types\/page"}],"author":[{"embeddable":true,"href":"https:\/\/buurlageamusement.com\/index.php?rest_route=\/wp\/v2\/users\/1"}],"replies":[{"embeddable":true,"href":"https:\/\/buurlageamusement.com\/index.php?rest_route=%2Fwp%2Fv2%2Fcomments&post=548"}],"version-history":[{"count":28,"href":"https:\/\/buurlageamusement.com\/index.php?rest_route=\/wp\/v2\/pages\/548\/revisions"}],"predecessor-version":[{"id":633,"href":"https:\/\/buurlageamusement.com\/index.php?rest_route=\/wp\/v2\/pages\/548\/revisions\/633"}],"wp:attachment":[{"href":"https:\/\/buurlageamusement.com\/index.php?rest_route=%2Fwp%2Fv2%2Fmedia&parent=548"}],"curies":[{"name":"wp","href":"https:\/\/api.w.org\/{rel}","templated":true}]}}